{"id":1189,"date":"2022-08-26T14:47:25","date_gmt":"2022-08-26T18:47:25","guid":{"rendered":"https:\/\/srssoluciones360.com\/tienda\/?post_type=product&#038;p=1189"},"modified":"2025-01-28T14:05:56","modified_gmt":"2025-01-28T18:05:56","slug":"bolso-para-laptop-targus-octave-15-6-2","status":"publish","type":"product","link":"https:\/\/gruposoluciones360.com\/tienda\/producto\/bolso-para-laptop-targus-octave-15-6-2\/","title":{"rendered":"Bolso Para Laptop Targus Octave 15.62&#8243;"},"content":{"rendered":"","protected":false},"excerpt":{"rendered":"<p data-sourcepos=\"3:1-3:49\"><strong>Caracter\u00edsticas Destacadas del Targus Octave:<\/strong><\/p>\n<ul data-sourcepos=\"5:1-10:0\">\n<li data-sourcepos=\"5:1-5:147\"><strong>Dise\u00f1o elegante y moderno:<\/strong> Con l\u00edneas limpias y materiales de alta calidad, el Octave se adapta tanto a entornos profesionales como casuales.<\/li>\n<li data-sourcepos=\"6:1-6:193\"><strong>Protecci\u00f3n \u00f3ptima:<\/strong> Su compartimento acolchado para laptop ofrece una protecci\u00f3n segura para tu dispositivo, mientras que los materiales resistentes a los impactos ayudan a prevenir da\u00f1os.<\/li>\n<li data-sourcepos=\"7:1-7:146\"><strong>Organizaci\u00f3n:<\/strong> Cuenta con m\u00faltiples bolsillos y compartimentos internos para organizar tus cables, cargadores, documentos y otros accesorios.<\/li>\n<li data-sourcepos=\"8:1-8:137\"><strong>Comodidad:<\/strong> Las correas ajustables y acolchadas garantizan una distribuci\u00f3n del peso c\u00f3moda, incluso cuando llevas una carga pesada.<\/li>\n<li data-sourcepos=\"9:1-10:0\"><strong>Durabilidad:<\/strong> Construido con materiales resistentes al desgaste, el Octave est\u00e1 dise\u00f1ado para durar.<\/li>\n<\/ul>\n<p>&nbsp;<\/p>\n<p data-sourcepos=\"22:1-22:37\"><strong>\u00bfPor qu\u00e9 elegir un Targus Octave?<\/strong><\/p>\n<ul data-sourcepos=\"24:1-28:0\">\n<li data-sourcepos=\"24:1-24:64\"><strong>Protecci\u00f3n:<\/strong> Mant\u00e9n tu laptop a salvo de golpes y ara\u00f1azos.<\/li>\n<li data-sourcepos=\"25:1-25:78\"><strong>Organizaci\u00f3n:<\/strong> Mant\u00e9n tus pertenencias ordenadas y f\u00e1cilmente accesibles.<\/li>\n<li data-sourcepos=\"26:1-26:72\"><strong>Comodidad:<\/strong> Dise\u00f1ado para llevarlo c\u00f3modamente durante todo el d\u00eda.<\/li>\n<li data-sourcepos=\"27:1-28:0\"><strong>Estilo:<\/strong> Combina funcionalidad y estilo para adaptarse a cualquier ocasi\u00f3n.<\/li>\n<\/ul>\n<p>&nbsp;<\/p>\n<h3><strong>\ud83d\udcb5(Valido en Divisas)\ud83d\udcb5<\/strong><\/h3>\n","protected":false},"featured_media":1191,"template":"","meta":[],"product_brand":[],"product_cat":[74],"product_tag":[],"class_list":{"0":"post-1189","1":"product","2":"type-product","3":"status-publish","4":"has-post-thumbnail","6":"product_cat-accesorios","7":"thunk-woo-product-list","8":"opn-qv-enable","9":"big-store-woo-hover-zoom","10":"open-single-product-tab-horizontal","11":"open-shadow-","12":"open-shadow-hover-","14":"first","15":"instock","16":"shipping-taxable","17":"purchasable","18":"product-type-simple"},"_links":{"self":[{"href":"https:\/\/gruposoluciones360.com\/tienda\/wp-json\/wp\/v2\/product\/1189","targetHints":{"allow":["GET"]}}],"collection":[{"href":"https:\/\/gruposoluciones360.com\/tienda\/wp-json\/wp\/v2\/product"}],"about":[{"href":"https:\/\/gruposoluciones360.com\/tienda\/wp-json\/wp\/v2\/types\/product"}],"wp:featuredmedia":[{"embeddable":true,"href":"https:\/\/gruposoluciones360.com\/tienda\/wp-json\/wp\/v2\/media\/1191"}],"wp:attachment":[{"href":"https:\/\/gruposoluciones360.com\/tienda\/wp-json\/wp\/v2\/media?parent=1189"}],"wp:term":[{"taxonomy":"product_brand","embeddable":true,"href":"https:\/\/gruposoluciones360.com\/tienda\/wp-json\/wp\/v2\/product_brand?post=1189"},{"taxonomy":"product_cat","embeddable":true,"href":"https:\/\/gruposoluciones360.com\/tienda\/wp-json\/wp\/v2\/product_cat?post=1189"},{"taxonomy":"product_tag","embeddable":true,"href":"https:\/\/gruposoluciones360.com\/tienda\/wp-json\/wp\/v2\/product_tag?post=1189"}],"curies":[{"name":"wp","href":"https:\/\/api.w.org\/{rel}","templated":true}]}}