{"id":1546,"date":"2024-06-13T12:04:16","date_gmt":"2024-06-13T16:04:16","guid":{"rendered":"https:\/\/srssoluciones360.com\/tienda\/?post_type=product&#038;p=1546"},"modified":"2025-11-28T11:11:46","modified_gmt":"2025-11-28T15:11:46","slug":"dell-latitude-5570-i5-6","status":"publish","type":"product","link":"https:\/\/gruposoluciones360.com\/tienda\/producto\/dell-latitude-5570-i5-6\/","title":{"rendered":"Dell Latitude 5580 I5 6\u00b0"},"content":{"rendered":"","protected":false},"excerpt":{"rendered":"<h3>\ud83d\udcb5(PROMOCION EN DIVISA)\ud83d\udcb5<\/h3>\n<h3>40% DESCUENTO<\/h3>\n<p>&nbsp;<\/p>\n<p data-sourcepos=\"16:1-16:44\"><strong>Especificaciones T\u00e9cnicas Detalladas:<\/strong><\/p>\n<ul data-sourcepos=\"18:1-26:65\">\n<li data-sourcepos=\"18:1-21:111\"><strong>Procesador (CPU):<\/strong> Intel Core i5 de 7\u00aa generaci\u00f3n.<\/li>\n<li data-sourcepos=\"22:1-22:131\"><strong>Memoria RAM:<\/strong> 8 GB DDR4 , expandible hasta 32 GB\u00a0 Utiliza dos ranuras SODIMM.<\/li>\n<li data-sourcepos=\"23:1-23:208\"><strong>Almacenamiento:<\/strong> SSD de 256 GB<\/li>\n<li data-sourcepos=\"24:1-26:65\"><strong>Pantalla:<\/strong> 15.6 pulgadas<\/li>\n<li data-sourcepos=\"27:1-27:218\"><strong>Gr\u00e1ficos:<\/strong> Intel HD Graphics 620 (integrados en el procesador). <em>Suficiente para tareas de oficina, navegaci\u00f3n web y reproducci\u00f3n de video, pero no para juegos exigentes ni tareas de dise\u00f1o gr\u00e1fico profesional.<\/em><\/li>\n<li data-sourcepos=\"28:1-33:37\"><strong>Conectividad:<\/strong>\n<ul data-sourcepos=\"29:5-33:37\">\n<li data-sourcepos=\"29:5-29:11\">VGA<\/li>\n<li data-sourcepos=\"30:5-30:19\">DisplayPort<\/li>\n<li data-sourcepos=\"31:5-31:37\">2 x USB 3.0 (o USB 3.1 Gen 1)<\/li>\n<li data-sourcepos=\"32:5-32:31\">RJ45 (Ethernet Gigabit)<\/li>\n<li data-sourcepos=\"33:5-33:37\">Lector de tarjetas SD (MSD se refiere probablemente a SD)<\/li>\n<li data-sourcepos=\"34:5-34:51\">Conector combinado de auriculares\/micr\u00f3fono<\/li>\n<\/ul>\n<\/li>\n<li data-sourcepos=\"35:1-38:21\"><strong>Otras posibles caracter\u00edsticas:<\/strong>\n<ul data-sourcepos=\"36:5-38:21\">\n<li data-sourcepos=\"36:5-36:24\">Wi-Fi (802.11ac)<\/li>\n<li data-sourcepos=\"37:5-37:21\">Bluetooth 4.2<\/li>\n<li data-sourcepos=\"38:5-38:21\">C\u00e1mara web HD<\/li>\n<\/ul>\n<\/li>\n<li data-sourcepos=\"39:1-39:113\"><strong>Teclado:<\/strong> Retroiluminado<\/li>\n<li data-sourcepos=\"40:1-40:63\"><strong>Sistema Operativo:<\/strong> Windows 10 Pro<\/li>\n<li data-sourcepos=\"41:1-41:51\"><strong>Software:<\/strong> Office 2016<\/li>\n<li data-sourcepos=\"42:1-42:17\"><strong>Garant\u00eda:<\/strong> 6 meses<\/li>\n<\/ul>\n","protected":false},"featured_media":1529,"template":"","meta":[],"product_brand":[],"product_cat":[70,187],"product_tag":[87,99],"class_list":{"0":"post-1546","1":"product","2":"type-product","3":"status-publish","4":"has-post-thumbnail","6":"product_cat-laptops","7":"product_cat-masvendidos","8":"product_tag-hp","9":"product_tag-i5","10":"thunk-woo-product-list","11":"opn-qv-enable","12":"big-store-woo-hover-zoom","13":"open-single-product-tab-horizontal","14":"open-shadow-","15":"open-shadow-hover-","17":"first","18":"instock","19":"shipping-taxable","20":"purchasable","21":"product-type-variable","22":"has-default-attributes"},"_links":{"self":[{"href":"https:\/\/gruposoluciones360.com\/tienda\/wp-json\/wp\/v2\/product\/1546","targetHints":{"allow":["GET"]}}],"collection":[{"href":"https:\/\/gruposoluciones360.com\/tienda\/wp-json\/wp\/v2\/product"}],"about":[{"href":"https:\/\/gruposoluciones360.com\/tienda\/wp-json\/wp\/v2\/types\/product"}],"wp:featuredmedia":[{"embeddable":true,"href":"https:\/\/gruposoluciones360.com\/tienda\/wp-json\/wp\/v2\/media\/1529"}],"wp:attachment":[{"href":"https:\/\/gruposoluciones360.com\/tienda\/wp-json\/wp\/v2\/media?parent=1546"}],"wp:term":[{"taxonomy":"product_brand","embeddable":true,"href":"https:\/\/gruposoluciones360.com\/tienda\/wp-json\/wp\/v2\/product_brand?post=1546"},{"taxonomy":"product_cat","embeddable":true,"href":"https:\/\/gruposoluciones360.com\/tienda\/wp-json\/wp\/v2\/product_cat?post=1546"},{"taxonomy":"product_tag","embeddable":true,"href":"https:\/\/gruposoluciones360.com\/tienda\/wp-json\/wp\/v2\/product_tag?post=1546"}],"curies":[{"name":"wp","href":"https:\/\/api.w.org\/{rel}","templated":true}]}}