{"id":1556,"date":"2024-06-13T13:50:24","date_gmt":"2024-06-13T17:50:24","guid":{"rendered":"https:\/\/srssoluciones360.com\/tienda\/?post_type=product&#038;p=1556"},"modified":"2026-01-07T09:34:55","modified_gmt":"2026-01-07T13:34:55","slug":"dell-mini-i5-7","status":"publish","type":"product","link":"https:\/\/gruposoluciones360.com\/tienda\/producto\/dell-mini-i5-7\/","title":{"rendered":"Dell Mini PC  i5 de 6\u00aa"},"content":{"rendered":"<p data-sourcepos=\"5:1-5:30\"><strong>1. Identificaci\u00f3n General:<\/strong><\/p>\n<ul data-sourcepos=\"7:1-10:0\">\n<li data-sourcepos=\"7:1-7:48\"><strong>Condici\u00f3n:<\/strong> Reacondicionada (Refurbished)<\/li>\n<li data-sourcepos=\"8:1-8:19\"><strong>Marca:<\/strong> Dell<\/li>\n<li data-sourcepos=\"9:1-10:0\"><strong>Factor de Forma:<\/strong> Mini PC (factor de forma peque\u00f1o, dise\u00f1ado para ahorrar espacio)<\/li>\n<\/ul>\n","protected":false},"excerpt":{"rendered":"<h3>\ud83d\udcb5(PROMOCION EN DIVISA)\ud83d\udcb5<\/h3>\n<p data-sourcepos=\"11:1-11:44\"><strong>Especificaciones T\u00e9cnicas Detalladas:<\/strong><\/p>\n<ul>\n<li><strong>Intel Core i5-6500<\/strong> (4 n\u00facleos, 4 hilos, 3.2 GHz base, hasta 3.6 GHz Turbo)<\/li>\n<li><strong>Memoria RAM:<\/strong>\u00a0 viene con 8 GB o 16 GB, expandible hasta 32 GB. Utiliza dos ranuras SODIMM (para port\u00e1tiles).<\/li>\n<li><strong>Almacenamiento : <\/strong>256 M.2<\/li>\n<li><strong>Gr\u00e1ficos:<\/strong> Intel HD Graphics 530 (integrados en el procesador). <em>Suficiente para tareas de oficina, navegaci\u00f3n web y reproducci\u00f3n de video, pero no para juegos exigentes ni tareas de dise\u00f1o gr\u00e1fico profesional.<\/em><\/li>\n<\/ul>\n<ul>\n<li data-sourcepos=\"20:1-26:76\"><strong>Conectividad (como especificaste):<\/strong>\n<ul data-sourcepos=\"21:5-26:76\">\n<li data-sourcepos=\"21:5-21:11\">VGA<\/li>\n<li data-sourcepos=\"22:5-22:23\">2 x DisplayPort<\/li>\n<li data-sourcepos=\"23:5-23:68\">6 x USB (probablemente una combinaci\u00f3n de USB 3.0 y USB 2.0)<\/li>\n<li data-sourcepos=\"24:5-24:31\">RJ45 (Ethernet Gigabit)<\/li>\n<li data-sourcepos=\"25:5-25:23\">Salida de audio<\/li>\n<li data-sourcepos=\"26:5-26:76\">Entrada de micr\u00f3fono (o conector combinado de auriculares\/micr\u00f3fono)<\/li>\n<\/ul>\n<\/li>\n<li data-sourcepos=\"30:1-30:63\"><strong>Sistema Operativo:<\/strong> Windows 10 Pro<\/li>\n<li data-sourcepos=\"31:1-31:51\"><strong>Software:<\/strong> Office 2016<\/li>\n<li data-sourcepos=\"32:1-33:0\"><strong>Garant\u00eda:<\/strong> 6 meses<\/li>\n<\/ul>\n<h3><\/h3>\n","protected":false},"featured_media":1560,"template":"","meta":[],"product_brand":[],"product_cat":[71,187],"product_tag":[129,87,99,103],"class_list":{"0":"post-1556","1":"product","2":"type-product","3":"status-publish","4":"has-post-thumbnail","6":"product_cat-computadoras","7":"product_cat-masvendidos","8":"product_tag-16-ram","9":"product_tag-hp","10":"product_tag-i5","11":"product_tag-pc","12":"thunk-woo-product-list","13":"opn-qv-enable","14":"big-store-woo-hover-zoom","15":"open-single-product-tab-horizontal","16":"open-shadow-","17":"open-shadow-hover-","19":"first","20":"instock","21":"shipping-taxable","22":"purchasable","23":"product-type-simple"},"_links":{"self":[{"href":"https:\/\/gruposoluciones360.com\/tienda\/wp-json\/wp\/v2\/product\/1556","targetHints":{"allow":["GET"]}}],"collection":[{"href":"https:\/\/gruposoluciones360.com\/tienda\/wp-json\/wp\/v2\/product"}],"about":[{"href":"https:\/\/gruposoluciones360.com\/tienda\/wp-json\/wp\/v2\/types\/product"}],"wp:featuredmedia":[{"embeddable":true,"href":"https:\/\/gruposoluciones360.com\/tienda\/wp-json\/wp\/v2\/media\/1560"}],"wp:attachment":[{"href":"https:\/\/gruposoluciones360.com\/tienda\/wp-json\/wp\/v2\/media?parent=1556"}],"wp:term":[{"taxonomy":"product_brand","embeddable":true,"href":"https:\/\/gruposoluciones360.com\/tienda\/wp-json\/wp\/v2\/product_brand?post=1556"},{"taxonomy":"product_cat","embeddable":true,"href":"https:\/\/gruposoluciones360.com\/tienda\/wp-json\/wp\/v2\/product_cat?post=1556"},{"taxonomy":"product_tag","embeddable":true,"href":"https:\/\/gruposoluciones360.com\/tienda\/wp-json\/wp\/v2\/product_tag?post=1556"}],"curies":[{"name":"wp","href":"https:\/\/api.w.org\/{rel}","templated":true}]}}