{"id":1598,"date":"2024-08-21T09:38:00","date_gmt":"2024-08-21T13:38:00","guid":{"rendered":"https:\/\/srssoluciones360.com\/tienda\/?post_type=product&#038;p=1598"},"modified":"2025-11-28T11:25:06","modified_gmt":"2025-11-28T15:25:06","slug":"dell-power-t150","status":"publish","type":"product","link":"https:\/\/gruposoluciones360.com\/tienda\/producto\/dell-power-t150\/","title":{"rendered":"Servidor Dell PowerEdge T150"},"content":{"rendered":"","protected":false},"excerpt":{"rendered":"<h3>\ud83d\udcb5(PROMOCION EN DIVISA 1.700)\ud83d\udcb5<\/h3>\n<p>&nbsp;<\/p>\n<p>&nbsp;<\/p>\n<p data-sourcepos=\"13:1-13:45\"><strong>Caracter\u00edsticas Principales:<\/strong><\/p>\n<p data-sourcepos=\"15:1-15:226\">El Dell PowerEdge T150 es un servidor de nivel de entrada dise\u00f1ado para peque\u00f1as empresas, oficinas en casa (SOHO) y entornos de peque\u00f1as oficinas. Se centra en proporcionar funciones b\u00e1sicas de servidor a un precio asequible.<\/p>\n<p data-sourcepos=\"17:1-17:44\"><strong>3. Especificaciones T\u00e9cnicas Detalladas:<\/strong><\/p>\n<ul data-sourcepos=\"19:1-46:0\">\n<li data-sourcepos=\"19:1-25:72\"><strong>Procesador (CPU):<\/strong> Intel Xeon E-2324G\n<ul data-sourcepos=\"20:5-25:72\">\n<li data-sourcepos=\"20:5-20:32\">Frecuencia base: 3.1 GHz<\/li>\n<li data-sourcepos=\"21:5-21:20\">Cach\u00e9: 16 MB<\/li>\n<li data-sourcepos=\"22:5-22:18\">N\u00facleos: 4<\/li>\n<li data-sourcepos=\"23:5-23:16\">Hilos: 8<\/li>\n<li data-sourcepos=\"24:5-24:46\">Potencia de dise\u00f1o t\u00e9rmico (TDP): 65 W<\/li>\n<li data-sourcepos=\"25:5-25:72\">Velocidad de memoria: 3200 MT\/s (MegaTransferencias por segundo)<\/li>\n<\/ul>\n<\/li>\n<li data-sourcepos=\"26:1-29:131\"><strong>Memoria RAM:<\/strong> 16 GB DDR4 ECC UDIMM\n<ul data-sourcepos=\"27:5-29:131\">\n<li data-sourcepos=\"27:5-27:71\">Tipo: UDIMM (Unbuffered DIMM) DDR4 ECC (Error-Correcting Code).<\/li>\n<li data-sourcepos=\"28:5-28:28\">Velocidad: 3200 MT\/s<\/li>\n<li data-sourcepos=\"29:5-29:131\"><em>El T150 tiene 4 ranuras DIMM y soporta hasta 128GB de RAM<\/em><\/li>\n<\/ul>\n<\/li>\n<li data-sourcepos=\"30:1-35:95\"><strong>Almacenamiento:<\/strong> Disco duro SATA de 1 TB\n<ul data-sourcepos=\"31:5-35:95\">\n<li data-sourcepos=\"31:5-31:23\">Capacidad: 1 TB<\/li>\n<li data-sourcepos=\"32:5-32:29\">Interfaz: SATA 6 Gb\/s<\/li>\n<li data-sourcepos=\"33:5-33:39\">Velocidad de rotaci\u00f3n: 7200 rpm<\/li>\n<li data-sourcepos=\"34:5-34:37\">Factor de forma: 3.5 pulgadas<\/li>\n<li data-sourcepos=\"35:5-35:95\">Tipo de unidad: 512n (esto se refiere al tama\u00f1o del sector l\u00f3gico del disco, 512 bytes)<\/li>\n<\/ul>\n<\/li>\n<li data-sourcepos=\"37:1-38:56\"><strong>Conectividad de Red:<\/strong> Broadcom 5720 Dual Port 1Gb On-Board LOM\n<ul data-sourcepos=\"38:5-38:56\">\n<li data-sourcepos=\"38:5-38:56\">Dos puertos Gigabit Ethernet (10\/100\/1000 Mbps).<\/li>\n<\/ul>\n<\/li>\n<li data-sourcepos=\"39:1-40:172\"><strong>Gesti\u00f3n del Servidor:<\/strong> iDRAC9, Express 15G\n<ul data-sourcepos=\"40:5-40:172\">\n<li data-sourcepos=\"40:5-40:172\">iDRAC (Integrated Dell Remote Access Controller) permite la administraci\u00f3n remota del servidor. La versi\u00f3n Express ofrece funcionalidades b\u00e1sicas de gesti\u00f3n remota.<\/li>\n<\/ul>\n<\/li>\n<li data-sourcepos=\"41:1-41:56\"><strong>Unidad \u00d3ptica:<\/strong> Sin unidad \u00f3ptica interna CD\/DVD.<\/li>\n<li data-sourcepos=\"43:1-43:66\"><strong>Cables:<\/strong> Incluye cable de alimentaci\u00f3n: C13, 3m, 125V, 15A.<\/li>\n<li data-sourcepos=\"44:1-44:176\"><strong>Sistema Operativo:<\/strong> Sin sistema operativo preinstalado.<\/li>\n<li data-sourcepos=\"45:1-46:0\"><strong>Peso:<\/strong> 12.03 Kg<\/li>\n<\/ul>\n<h3><\/h3>\n<h3>12 MESES DE GARANT\u00cdA<\/h3>\n<h3><strong>\ud83d\udcb5(Valido en Divisas)\ud83d\udcb5<\/strong><\/h3>\n","protected":false},"featured_media":1600,"template":"","meta":[],"product_brand":[],"product_cat":[72],"product_tag":[108,104],"class_list":{"0":"post-1598","1":"product","2":"type-product","3":"status-publish","4":"has-post-thumbnail","6":"product_cat-servidores","7":"product_tag-dell","8":"product_tag-servidor","9":"thunk-woo-product-list","10":"opn-qv-enable","11":"big-store-woo-hover-zoom","12":"open-single-product-tab-horizontal","13":"open-shadow-","14":"open-shadow-hover-","16":"first","17":"instock","18":"shipping-taxable","19":"purchasable","20":"product-type-simple"},"_links":{"self":[{"href":"https:\/\/gruposoluciones360.com\/tienda\/wp-json\/wp\/v2\/product\/1598","targetHints":{"allow":["GET"]}}],"collection":[{"href":"https:\/\/gruposoluciones360.com\/tienda\/wp-json\/wp\/v2\/product"}],"about":[{"href":"https:\/\/gruposoluciones360.com\/tienda\/wp-json\/wp\/v2\/types\/product"}],"wp:featuredmedia":[{"embeddable":true,"href":"https:\/\/gruposoluciones360.com\/tienda\/wp-json\/wp\/v2\/media\/1600"}],"wp:attachment":[{"href":"https:\/\/gruposoluciones360.com\/tienda\/wp-json\/wp\/v2\/media?parent=1598"}],"wp:term":[{"taxonomy":"product_brand","embeddable":true,"href":"https:\/\/gruposoluciones360.com\/tienda\/wp-json\/wp\/v2\/product_brand?post=1598"},{"taxonomy":"product_cat","embeddable":true,"href":"https:\/\/gruposoluciones360.com\/tienda\/wp-json\/wp\/v2\/product_cat?post=1598"},{"taxonomy":"product_tag","embeddable":true,"href":"https:\/\/gruposoluciones360.com\/tienda\/wp-json\/wp\/v2\/product_tag?post=1598"}],"curies":[{"name":"wp","href":"https:\/\/api.w.org\/{rel}","templated":true}]}}