{"id":1605,"date":"2024-08-21T10:15:29","date_gmt":"2024-08-21T14:15:29","guid":{"rendered":"https:\/\/srssoluciones360.com\/tienda\/?post_type=product&#038;p=1605"},"modified":"2025-11-28T11:26:17","modified_gmt":"2025-11-28T15:26:17","slug":"dell-power-r760xs","status":"publish","type":"product","link":"https:\/\/gruposoluciones360.com\/tienda\/producto\/dell-power-r760xs\/","title":{"rendered":"Dell Poweredge R760XS"},"content":{"rendered":"","protected":false},"excerpt":{"rendered":"<h3>\ud83d\udcb5(PROMOCION EN DIVISA 8550)\ud83d\udcb5<\/h3>\n<p data-sourcepos=\"16:1-16:69\"><strong>Especificaciones T\u00e9cnicas Detalladas :<\/strong><\/p>\n<p data-sourcepos=\"14:1-14:507\">El Dell PowerEdge R760xs es un servidor vers\u00e1til dise\u00f1ado para una amplia gama de cargas de trabajo, incluyendo virtualizaci\u00f3n, bases de datos, computaci\u00f3n de alto rendimiento (HPC) y almacenamiento. Ofrece un equilibrio entre rendimiento, escalabilidad y eficiencia energ\u00e9tica. Es importante destacar que es un servidor <em>escalable<\/em>, lo que significa que se puede configurar con una variedad de opciones de procesador, memoria, almacenamiento y tarjetas de expansi\u00f3n para adaptarse a diferentes necesidades.<\/p>\n<ul data-sourcepos=\"18:1-55:0\">\n<li data-sourcepos=\"18:1-26:0\">\n<p data-sourcepos=\"18:5-18:365\"><strong>Procesadores (CPU):<\/strong><\/p>\n<ul data-sourcepos=\"21:9-24:0\">\n<li data-sourcepos=\"22:9-22:100\">Intel Xeon Gold 6426Y (16 n\u00facleos, 32 hilos, 2.5 GHz base)<\/li>\n<\/ul>\n<\/li>\n<li data-sourcepos=\"27:1-31:0\">\n<p data-sourcepos=\"27:5-27:59\"><strong>Memoria RAM:<\/strong> 64 GB RDIMM DDR5<\/p>\n<ul data-sourcepos=\"28:5-31:0\">\n<li data-sourcepos=\"28:5-28:71\">Tipo: RDIMM (Registered DIMM) DDR5 ECC (Error-Correcting Code).<\/li>\n<li data-sourcepos=\"29:5-29:108\">Velocidades: Soporta diferentes velocidades de DDR5, que dependen del procesador y la configuraci\u00f3n.<\/li>\n<\/ul>\n<\/li>\n<li data-sourcepos=\"32:1-37:0\">\n<p data-sourcepos=\"32:5-32:69\"><strong>Almacenamiento:<\/strong> 2 TB 7.2K SATA Hot-plug<\/p>\n<ul data-sourcepos=\"33:5-37:0\">\n<li data-sourcepos=\"33:5-33:82\">Tipo: Disco duro mec\u00e1nico (HDD) con una velocidad de rotaci\u00f3n de 7200 RPM.<\/li>\n<li data-sourcepos=\"34:5-34:23\">Interfaz: SATA.<\/li>\n<li data-sourcepos=\"35:5-35:63\">Hot-plug: Permite el intercambio de discos en caliente.<\/li>\n<li data-sourcepos=\"36:5-37:0\"><em>El R760xs tambi\u00e9n soporta SSDs SAS y NVMe, que ofrecen un rendimiento significativamente superior. Se pueden configurar diferentes combinaciones de discos duros y SSDs.<\/em><\/li>\n<\/ul>\n<\/li>\n<li data-sourcepos=\"38:1-39:0\">\n<p data-sourcepos=\"38:5-38:178\"><strong>Bah\u00edas de Almacenamiento:<\/strong> 12 bah\u00edas para unidades SAS\/SATA Hot-plug de 3.5 pulgadas <em>.<\/em><\/p>\n<\/li>\n<li data-sourcepos=\"40:1-41:0\">\n<p data-sourcepos=\"40:5-40:125\"><strong>Controladora RAID:<\/strong> PERC H755 Controller . Esta controladora soporta RAID 0, 1, 5, 6, 10, 50 y 60.<\/p>\n<\/li>\n<li data-sourcepos=\"42:1-43:0\">\n<p data-sourcepos=\"42:5-42:319\"><strong>Ranuras de Expansi\u00f3n PCIe:<\/strong> <em>Este punto tambi\u00e9n necesita aclaraci\u00f3n.<\/em> El R760xs ofrece una gran cantidad de ranuras PCIe, pero la cantidad y el tipo exacto var\u00edan seg\u00fan la configuraci\u00f3n. Generalmente incluye ranuras PCIe Gen4 y Gen5 x16 y x8.<\/p>\n<\/li>\n<li data-sourcepos=\"44:1-47:0\">\n<p data-sourcepos=\"44:5-44:28\"><strong>Conectividad de Red:<\/strong><\/p>\n<ul data-sourcepos=\"45:5-47:0\">\n<li data-sourcepos=\"45:5-45:97\">2 puertos 1Gbit LOM (LAN on Motherboard) + 2 puertos 10Gbit OCP 3.0<\/li>\n<li data-sourcepos=\"46:5-47:0\"><em>Tambi\u00e9n se pueden agregar tarjetas de red adicionales.<\/em><\/li>\n<\/ul>\n<\/li>\n<li data-sourcepos=\"48:1-49:0\">\n<p data-sourcepos=\"48:5-48:82\"><strong>Fuente de Alimentaci\u00f3n:<\/strong> Dual Hot-Plug (1+1) de 1400W<\/p>\n<\/li>\n<li data-sourcepos=\"50:1-51:0\">\n<p data-sourcepos=\"50:5-50:105\"><strong>Gesti\u00f3n del Servidor:<\/strong> iDRAC9 (Integrated Dell Remote Access Controller) con Lifecycle Controller.<\/p>\n<\/li>\n<li data-sourcepos=\"52:1-53:0\">\n<p data-sourcepos=\"52:5-52:294\"><strong>Sistema Operativo:<\/strong> <em>No viene preinstalado con un sistema operativo espec\u00edfico.<\/em> Soporta una variedad de sistemas operativos, incluyendo Windows Server, Red Hat Enterprise Linux, SUSE Linux Enterprise Server y VMware ESXi.<\/p>\n<\/li>\n<li data-sourcepos=\"54:1-55:0\">\n<p data-sourcepos=\"54:5-54:128\"><strong>Dimensiones y Peso:<\/strong> Las dimensiones y el peso que proporcionaste son aproximados y pueden variar seg\u00fan la configuraci\u00f3n.<\/p>\n<\/li>\n<\/ul>\n<div class=\"woocommerce-product-details__short-description\">\n<p>&nbsp;<\/p>\n<h3><strong>12 MESES DE GARANT\u00cdA<\/strong><\/h3>\n<\/div>\n<h3><strong>\ud83d\udcb5(Valido en Divisas)\ud83d\udcb5<\/strong><\/h3>\n","protected":false},"featured_media":1606,"template":"","meta":[],"product_brand":[],"product_cat":[72],"product_tag":[108,104],"class_list":{"0":"post-1605","1":"product","2":"type-product","3":"status-publish","4":"has-post-thumbnail","6":"product_cat-servidores","7":"product_tag-dell","8":"product_tag-servidor","9":"thunk-woo-product-list","10":"opn-qv-enable","11":"big-store-woo-hover-zoom","12":"open-single-product-tab-horizontal","13":"open-shadow-","14":"open-shadow-hover-","16":"first","17":"instock","18":"shipping-taxable","19":"purchasable","20":"product-type-simple"},"_links":{"self":[{"href":"https:\/\/gruposoluciones360.com\/tienda\/wp-json\/wp\/v2\/product\/1605","targetHints":{"allow":["GET"]}}],"collection":[{"href":"https:\/\/gruposoluciones360.com\/tienda\/wp-json\/wp\/v2\/product"}],"about":[{"href":"https:\/\/gruposoluciones360.com\/tienda\/wp-json\/wp\/v2\/types\/product"}],"wp:featuredmedia":[{"embeddable":true,"href":"https:\/\/gruposoluciones360.com\/tienda\/wp-json\/wp\/v2\/media\/1606"}],"wp:attachment":[{"href":"https:\/\/gruposoluciones360.com\/tienda\/wp-json\/wp\/v2\/media?parent=1605"}],"wp:term":[{"taxonomy":"product_brand","embeddable":true,"href":"https:\/\/gruposoluciones360.com\/tienda\/wp-json\/wp\/v2\/product_brand?post=1605"},{"taxonomy":"product_cat","embeddable":true,"href":"https:\/\/gruposoluciones360.com\/tienda\/wp-json\/wp\/v2\/product_cat?post=1605"},{"taxonomy":"product_tag","embeddable":true,"href":"https:\/\/gruposoluciones360.com\/tienda\/wp-json\/wp\/v2\/product_tag?post=1605"}],"curies":[{"name":"wp","href":"https:\/\/api.w.org\/{rel}","templated":true}]}}