{"id":1639,"date":"2024-11-08T10:17:44","date_gmt":"2024-11-08T14:17:44","guid":{"rendered":"https:\/\/gruposoluciones360.com\/tienda\/?post_type=product&#038;p=1639"},"modified":"2025-11-28T11:23:52","modified_gmt":"2025-11-28T15:23:52","slug":"dell-workstation-t-5810","status":"publish","type":"product","link":"https:\/\/gruposoluciones360.com\/tienda\/producto\/dell-workstation-t-5810\/","title":{"rendered":"Dell Precision T5810"},"content":{"rendered":"","protected":false},"excerpt":{"rendered":"<h3>\ud83d\udcb5(PROMOCION EN DIVISA 750)\ud83d\udcb5<\/h3>\n<p data-sourcepos=\"12:1-12:45\"><strong>Caracter\u00edsticas Principales:<\/strong><\/p>\n<p data-sourcepos=\"14:1-14:235\">La Dell Precision T5810 es una estaci\u00f3n de trabajo de alto rendimiento ideal para profesionales que trabajan con aplicaciones que demandan muchos recursos, como dise\u00f1o CAD, modelado 3D, edici\u00f3n de video, simulaci\u00f3n y an\u00e1lisis de datos.<\/p>\n<p data-sourcepos=\"16:1-16:44\"><strong>3. Especificaciones T\u00e9cnicas Detalladas:<\/strong><\/p>\n<ul data-sourcepos=\"18:1-50:0\">\n<li data-sourcepos=\"18:1-24:26\"><strong>Procesador (CPU):<\/strong> Intel Xeon E5-1650 v3\n<ul data-sourcepos=\"19:5-24:26\">\n<li data-sourcepos=\"19:5-19:28\">N\u00famero de n\u00facleos: 6<\/li>\n<li data-sourcepos=\"20:5-20:27\">N\u00famero de hilos: 12<\/li>\n<li data-sourcepos=\"21:5-21:32\">Frecuencia base: 3.5 GHz<\/li>\n<li data-sourcepos=\"22:5-22:40\">Frecuencia turbo m\u00e1xima: 3.8 GHz<\/li>\n<li data-sourcepos=\"23:5-23:38\">Cach\u00e9: 15 MB Intel Smart Cache<\/li>\n<li data-sourcepos=\"24:5-24:26\">Socket: LGA 2011-3<\/li>\n<\/ul>\n<\/li>\n<li data-sourcepos=\"25:1-28:136\"><strong>Memoria RAM:<\/strong> 16 GB DDR4\n<ul data-sourcepos=\"26:5-28:136\">\n<li data-sourcepos=\"26:5-26:109\">Tipo: DDR4 ECC (Error-Correcting Code), importante para la estabilidad en aplicaciones profesionales.<\/li>\n<li data-sourcepos=\"27:5-27:81\">Velocidad: Depende de la configuraci\u00f3n original, pero suele ser 2133 MHz.<\/li>\n<li data-sourcepos=\"28:5-28:136\">Capacidad m\u00e1xima: 128 GB (como especificaste, usando 8 ranuras DIMM).<\/li>\n<\/ul>\n<\/li>\n<li data-sourcepos=\"29:1-30:280\"><strong>Almacenamiento:<\/strong> Disco S\u00f3lido (SSD) de 1 TB.<\/li>\n<li data-sourcepos=\"31:1-33:39\"><strong>Gr\u00e1ficos (GPU):<\/strong>\n<ul data-sourcepos=\"32:5-33:39\">\n<li data-sourcepos=\"32:5-32:47\">NVIDIA Quadro<\/li>\n<\/ul>\n<\/li>\n<li data-sourcepos=\"34:1-34:53\"><strong>Placa Base (Motherboard):<\/strong> Chipset Intel C612.<\/li>\n<li data-sourcepos=\"35:1-35:56\"><strong>Unidades \u00d3pticas:<\/strong> Opcional (unidad de DVD+\/-RW).<\/li>\n<li data-sourcepos=\"36:1-41:94\"><strong>Puertos (Var\u00edan seg\u00fan la configuraci\u00f3n):<\/strong>\n<ul data-sourcepos=\"37:5-41:94\">\n<li data-sourcepos=\"37:5-37:15\">USB 3.0<\/li>\n<li data-sourcepos=\"38:5-38:15\">USB 2.0<\/li>\n<li data-sourcepos=\"39:5-39:31\">Ethernet Gigabit (RJ45)<\/li>\n<li data-sourcepos=\"40:5-40:35\">Entradas y salidas de audio<\/li>\n<li data-sourcepos=\"41:5-41:94\">Puertos de video: Dependiendo de la tarjeta gr\u00e1fica instalada (DisplayPort, DVI, etc.)<\/li>\n<\/ul>\n<\/li>\n<li data-sourcepos=\"42:1-47:114\"><strong>Ranuras de Expansi\u00f3n:<\/strong>\n<ul data-sourcepos=\"43:5-47:114\">\n<li data-sourcepos=\"43:5-43:42\">PCIe x16 (para la tarjeta gr\u00e1fica)<\/li>\n<li data-sourcepos=\"44:5-44:15\">PCIe x8<\/li>\n<li data-sourcepos=\"45:5-45:15\">PCIe x4<\/li>\n<li data-sourcepos=\"46:5-46:15\">PCIe x1<\/li>\n<li data-sourcepos=\"47:5-47:114\">Ranuras para unidades de almacenamiento (bah\u00edas para discos duros de 3.5&#8243; y bah\u00edas para unidades de 2.5&#8243;).<\/li>\n<\/ul>\n<\/li>\n<\/ul>\n<div class=\"woocommerce-product-details__short-description\">\n<p>&nbsp;<\/p>\n<p>&nbsp;<\/p>\n<p><strong>6 MESES DE GARANT\u00cdA<\/strong><\/p>\n<\/div>\n<h3><\/h3>\n","protected":false},"featured_media":1640,"template":"","meta":[],"product_brand":[],"product_cat":[187,72],"product_tag":[108,104],"class_list":{"0":"post-1639","1":"product","2":"type-product","3":"status-publish","4":"has-post-thumbnail","6":"product_cat-masvendidos","7":"product_cat-servidores","8":"product_tag-dell","9":"product_tag-servidor","10":"thunk-woo-product-list","11":"opn-qv-enable","12":"big-store-woo-hover-zoom","13":"open-single-product-tab-horizontal","14":"open-shadow-","15":"open-shadow-hover-","17":"first","18":"instock","19":"shipping-taxable","20":"purchasable","21":"product-type-simple"},"_links":{"self":[{"href":"https:\/\/gruposoluciones360.com\/tienda\/wp-json\/wp\/v2\/product\/1639","targetHints":{"allow":["GET"]}}],"collection":[{"href":"https:\/\/gruposoluciones360.com\/tienda\/wp-json\/wp\/v2\/product"}],"about":[{"href":"https:\/\/gruposoluciones360.com\/tienda\/wp-json\/wp\/v2\/types\/product"}],"wp:featuredmedia":[{"embeddable":true,"href":"https:\/\/gruposoluciones360.com\/tienda\/wp-json\/wp\/v2\/media\/1640"}],"wp:attachment":[{"href":"https:\/\/gruposoluciones360.com\/tienda\/wp-json\/wp\/v2\/media?parent=1639"}],"wp:term":[{"taxonomy":"product_brand","embeddable":true,"href":"https:\/\/gruposoluciones360.com\/tienda\/wp-json\/wp\/v2\/product_brand?post=1639"},{"taxonomy":"product_cat","embeddable":true,"href":"https:\/\/gruposoluciones360.com\/tienda\/wp-json\/wp\/v2\/product_cat?post=1639"},{"taxonomy":"product_tag","embeddable":true,"href":"https:\/\/gruposoluciones360.com\/tienda\/wp-json\/wp\/v2\/product_tag?post=1639"}],"curies":[{"name":"wp","href":"https:\/\/api.w.org\/{rel}","templated":true}]}}