{"id":1659,"date":"2024-11-11T09:53:36","date_gmt":"2024-11-11T13:53:36","guid":{"rendered":"https:\/\/gruposoluciones360.com\/tienda\/?post_type=product&#038;p=1659"},"modified":"2025-06-03T14:17:53","modified_gmt":"2025-06-03T18:17:53","slug":"asus-vivobook-i7-12-nueva","status":"publish","type":"product","link":"https:\/\/gruposoluciones360.com\/tienda\/producto\/asus-vivobook-i7-12-nueva\/","title":{"rendered":"ASUS Vivobook 15 (X1504) i7-12 NUEVA"},"content":{"rendered":"","protected":false},"excerpt":{"rendered":"<div class=\"TechSpec__rowTableItems__KYWXp\">\n<div class=\"TechSpec__rowTableItems__KYWXp\">\n<div class=\"rowTableItemViewBox TechSpec__rowTableItemViewBox__edVaL undefined\">\n<div class=\"TechSpec__rowTableItemBox__8tmQd\">\n<div class=\"TechSpec__rowTableItems__KYWXp\">\n<div class=\"rowTableItemViewBox TechSpec__rowTableItemViewBox__edVaL undefined\">\n<div class=\"TechSpec__rowTableItemBox__8tmQd\">\n<div>\n<div class=\"TechSpec__rowTableTitle__3GLj4\">\n<div>\n<div class=\"rowTableItemViewBox TechSpec__rowTableItemViewBox__edVaL undefined\">\n<div class=\"TechSpec__rowTableItemBox__8tmQd\">\n<div>\n<div class=\"rowTableItemViewBox TechSpec__rowTableItemViewBox__edVaL undefined\">\n<div class=\"TechSpec__rowTableItemBox__8tmQd\">\n<div>\n<div class=\"rowTableItemViewBox TechSpec__rowTableItemViewBox__edVaL undefined\">\n<div class=\"TechSpec__rowTableItemBox__8tmQd\">\n<ul>\n<li data-sourcepos=\"20:1-20:131\"><strong>Procesador:<\/strong> Intel\u00ae Core\u2122 i7-1255U (1.7 GHz, 12 MB de cach\u00e9, hasta 4.7 GHz, 10 n\u00facleos [2 de Rendimiento + 8 de Eficiencia])<\/li>\n<li data-sourcepos=\"21:1-30:80\"><strong>Pantalla:<\/strong>\n<ul data-sourcepos=\"22:5-30:80\">\n<li data-sourcepos=\"22:5-22:29\">Tama\u00f1o: 15.6 pulgadas<\/li>\n<li data-sourcepos=\"23:5-23:37\">Resoluci\u00f3n: FHD (1920 x 1080)<\/li>\n<li data-sourcepos=\"24:5-24:33\">Relaci\u00f3n de aspecto: 16:9<\/li>\n<li data-sourcepos=\"25:5-25:29\">Retroiluminaci\u00f3n: LED<\/li>\n<li data-sourcepos=\"26:5-26:31\">Tasa de refresco: 60 Hz<\/li>\n<li data-sourcepos=\"27:5-27:24\">Brillo: 250 nits<\/li>\n<li data-sourcepos=\"28:5-28:33\">Gama de colores: 45% NTSC<\/li>\n<li data-sourcepos=\"29:5-29:30\">Acabado: Antirreflejos<\/li>\n<li data-sourcepos=\"30:5-30:80\">Certificaci\u00f3n: T\u00dcV Rheinland (Certificaci\u00f3n de baja emisi\u00f3n de luz azul)<\/li>\n<\/ul>\n<\/li>\n<li data-sourcepos=\"31:1-31:186\"><strong>Memoria RAM:<\/strong> 8 GB<\/li>\n<li data-sourcepos=\"32:1-32:36\"><strong>Almacenamiento:<\/strong> SSD de 1 TB.<\/li>\n<li data-sourcepos=\"33:1-33:71\"><strong>Gr\u00e1ficos:<\/strong> Intel Iris Xe Graphics (integrados en el procesador).<\/li>\n<li data-sourcepos=\"34:1-34:55\"><strong>C\u00e1mara web:<\/strong> HD 720p con persiana de privacidad.<\/li>\n<li data-sourcepos=\"35:1-37:158\"><strong>Redes y comunicaci\u00f3n:<\/strong>\n<ul data-sourcepos=\"36:5-37:158\">\n<li data-sourcepos=\"36:5-36:62\">Wi-Fi 6E (802.11ax) (Doble banda) 1&#215;1 + Bluetooth\u00ae 5.3<\/li>\n<li data-sourcepos=\"37:5-37:158\"><em>Opcionalmente<\/em>: Wi-Fi 5 (802.11ac) (Doble banda) 1&#215;1 + Bluetooth\u00ae 5.1<\/li>\n<\/ul>\n<\/li>\n<li data-sourcepos=\"38:1-38:21\"><strong>Peso:<\/strong> 1.70 kg<\/li>\n<li data-sourcepos=\"39:1-39:51\"><strong>Dimensiones:<\/strong> 35.97 x 23.25 x 1.79 ~ 1.79 cm<\/li>\n<li data-sourcepos=\"40:1-43:84\"><strong>Aplicaciones\/Software Preinstalado:<\/strong>\n<ul data-sourcepos=\"41:5-43:84\">\n<li data-sourcepos=\"41:5-41:71\">MyASUS (Software de gesti\u00f3n del sistema, actualizaciones, etc.)<\/li>\n<li data-sourcepos=\"42:5-42:116\">ScreenXpert (Software para mejorar la productividad con m\u00faltiples pantallas, si es compatible con el modelo)<\/li>\n<li data-sourcepos=\"43:5-43:84\">GlideX (Software para compartir pantalla y archivos entre dispositivos ASUS)<\/li>\n<\/ul>\n<\/li>\n<li data-sourcepos=\"44:1-56:0\"><strong>Funcionalidades de MyASUS (Traducidas):<\/strong>\n<ul data-sourcepos=\"45:5-56:0\">\n<li data-sourcepos=\"45:5-45:31\">Diagn\u00f3stico del sistema<\/li>\n<li data-sourcepos=\"46:5-46:36\">Carga de salud de la bater\u00eda<\/li>\n<li data-sourcepos=\"47:5-47:29\">Perfil del ventilador<\/li>\n<li data-sourcepos=\"48:5-48:46\">Splendid (Optimizaci\u00f3n de la pantalla)<\/li>\n<li data-sourcepos=\"49:5-49:40\">Tru2Life (Optimizaci\u00f3n de video)<\/li>\n<li data-sourcepos=\"50:5-50:35\">Bloqueo de tecla de funci\u00f3n<\/li>\n<li data-sourcepos=\"51:5-51:62\">WiFi SmartConnect (Conexi\u00f3n inteligente a redes Wi-Fi)<\/li>\n<li data-sourcepos=\"52:5-52:65\">Link a MyASUS (Integraci\u00f3n con dispositivos m\u00f3viles ASUS)<\/li>\n<li data-sourcepos=\"53:5-53:68\">TaskFirst (Priorizaci\u00f3n de ancho de banda para aplicaciones)<\/li>\n<li data-sourcepos=\"54:5-54:29\">Actualizaci\u00f3n en vivo<\/li>\n<li data-sourcepos=\"55:5-56:0\">Cancelaci\u00f3n de ruido con IA (Inteligencia Artificial)<\/li>\n<\/ul>\n<\/li>\n<\/ul>\n<h3><\/h3>\n<h3>6 Meses de Garant\u00eda<\/h3>\n<h3><strong>\ud83d\udcb5(Valido en Divisas)\ud83d\udcb5<\/strong><\/h3>\n<\/div>\n<\/div>\n<\/div>\n<\/div>\n<\/div>\n<\/div>\n<\/div>\n<\/div>\n<\/div>\n<\/div>\n<\/div>\n<\/div>\n<\/div>\n<\/div>\n<\/div>\n<\/div>\n<\/div>\n<\/div>\n<p>&nbsp;<\/p>\n","protected":false},"featured_media":1658,"template":"","meta":[],"product_brand":[],"product_cat":[70],"product_tag":[138,111],"class_list":{"0":"post-1659","1":"product","2":"type-product","3":"status-publish","4":"has-post-thumbnail","6":"product_cat-laptops","7":"product_tag-asus","8":"product_tag-i7","9":"thunk-woo-product-list","10":"opn-qv-enable","11":"big-store-woo-hover-zoom","12":"open-single-product-tab-horizontal","13":"open-shadow-","14":"open-shadow-hover-","16":"first","17":"outofstock","18":"shipping-taxable","19":"purchasable","20":"product-type-simple"},"_links":{"self":[{"href":"https:\/\/gruposoluciones360.com\/tienda\/wp-json\/wp\/v2\/product\/1659","targetHints":{"allow":["GET"]}}],"collection":[{"href":"https:\/\/gruposoluciones360.com\/tienda\/wp-json\/wp\/v2\/product"}],"about":[{"href":"https:\/\/gruposoluciones360.com\/tienda\/wp-json\/wp\/v2\/types\/product"}],"wp:featuredmedia":[{"embeddable":true,"href":"https:\/\/gruposoluciones360.com\/tienda\/wp-json\/wp\/v2\/media\/1658"}],"wp:attachment":[{"href":"https:\/\/gruposoluciones360.com\/tienda\/wp-json\/wp\/v2\/media?parent=1659"}],"wp:term":[{"taxonomy":"product_brand","embeddable":true,"href":"https:\/\/gruposoluciones360.com\/tienda\/wp-json\/wp\/v2\/product_brand?post=1659"},{"taxonomy":"product_cat","embeddable":true,"href":"https:\/\/gruposoluciones360.com\/tienda\/wp-json\/wp\/v2\/product_cat?post=1659"},{"taxonomy":"product_tag","embeddable":true,"href":"https:\/\/gruposoluciones360.com\/tienda\/wp-json\/wp\/v2\/product_tag?post=1659"}],"curies":[{"name":"wp","href":"https:\/\/api.w.org\/{rel}","templated":true}]}}