{"id":1957,"date":"2025-06-03T15:12:31","date_gmt":"2025-06-03T19:12:31","guid":{"rendered":"https:\/\/gruposoluciones360.com\/tienda\/?post_type=product&#038;p=1957"},"modified":"2025-08-26T16:24:05","modified_gmt":"2025-08-26T20:24:05","slug":"adaptador-wifi-6-ax300-alfanext","status":"publish","type":"product","link":"https:\/\/gruposoluciones360.com\/tienda\/producto\/adaptador-wifi-6-ax300-alfanext\/","title":{"rendered":"Adaptador Wifi 6 Ax300 Alfanext"},"content":{"rendered":"","protected":false},"excerpt":{"rendered":"<p data-sourcepos=\"13:1-13:45\">Equipos Importados de USA con 6 Meses de garantia directamente con nosotros.<\/p>\n<p>***********************PRECIO FIJADO EN DIVISA BCV***********************<\/p>\n<p>DESCUENTO PAGO DIVISA 20%<\/p>\n<p>Elaboramos factura fiscal.<\/p>\n<p>Horario atenci\u00f3n de lunes a viernes de 9:00 am a 5:00 pm.<br \/>\nOficina de venta f\u00edsica en Caracas Municipio Sucre Terraza del \u00c1vila.<\/p>\n<p>Tienda F\u00edsica Plaza Venezuela CC CaracasMall de Lunes a S\u00e1bado de 9:00 am a 5:00 pm.<\/p>\n<p>*************************DELIVERY Y DESPACHOS*************************<\/p>\n<p>Delivery Gratis en Caracas (ciertas condiciones aplican).<\/p>\n<p>Compras Menores a 60$ tarifa calculada depende de la zona desde 2$.<\/p>\n<p>Contamos con despacho en Guarenas Guatire.<\/p>\n<p>ENVI\u00d3 GRATIS AL INTERIOR DEL PA\u00cdS POR EMPRESAS DE ENCOMIENDA.<\/p>\n<p>***************************DESCRIPCI\u00d3N******************************<br \/>\nActualizaci\u00f3n Inmediata a WiFi 6: Dale nueva vida a tus equipos antiguos o maximiza el rendimiento de tus dispositivos actuales con la \u00faltima tecnolog\u00eda de conectividad inal\u00e1mbrica.<br \/>\nRendimiento Superior en Gaming y Streaming: Disfruta de una experiencia sin lag ni buffering, ideal para las actividades en l\u00ednea m\u00e1s exigentes.<br \/>\nConexi\u00f3n M\u00e1s Estable y Fiable: Benef\u00edciate de una se\u00f1al WiFi m\u00e1s robusta y consistente, incluso en hogares o entornos con m\u00faltiples dispositivos conectados.<br \/>\nF\u00e1cil de Usar y Transportar: Su dise\u00f1o Plug &amp; Play y su peso ligero lo convierten en un accesorio indispensable y conveniente para cualquier usuario.<br \/>\nInversi\u00f3n Inteligente a Futuro: Prep\u00e1rate para las demandas de conectividad del ma\u00f1ana con un adaptador que optimiza tu red a un precio incre\u00edblemente accesible.<\/p>\n<p>***************************** GARANTIA DE 30 DIAS *****************************<\/p>\n<p>** C\u00f3mo comprar **<\/p>\n<p>Lea las condiciones antes de ofertar<\/p>\n<p>Pregunte lo que necesite antes de ofertar si no est\u00e1 seguro de su compra<\/p>\n<p>El Precio publicado no incluye el IVA<\/p>\n<p>Una vez que hayas ofertado, tienes 1 d\u00eda para concretar el pago. De no hacerlo, anularemos la compra . Recuerda que su compra es un compromiso<\/p>\n<p>No se aceptan devoluciones<\/p>\n<p>** Cu\u00e1l es el m\u00e9todo de pago **<\/p>\n<p>Mercado pago<\/p>\n<p>Transferencia a bancos Nacionales (Mercantil, Banplus)<\/p>\n<p>Pago Movil.<\/p>\n<p>Transferencias a cuenta custodia Banplus<\/p>\n<p>Tranferencias Internacionales<\/p>\n<p>Zelle<\/p>\n<p>Paypal<\/p>\n<p>Es importante tomar en cuenta y cumplir las pol\u00edticas de Mercado Libre.<\/p>\n<p>** Cu\u00e1l es la forma de env\u00edo **<\/p>\n<p>&#8211; Retiro Personal en nuestras Oficinas<\/p>\n<p>&#8211; A trav\u00e9s de las distintas empresas de encomienda gratis a todo el pais.<\/p>\n<p>&#8211; Delivery por la empresa Gratis en CSS depende de la Zona.<\/p>\n<p>** Que debo hacer al recibir el producto **<\/p>\n<p>Recuerda calificarnos cuando ya tengas tu pedido en las manos.<\/p>\n","protected":false},"featured_media":1959,"template":"","meta":[],"product_brand":[],"product_cat":[74,187,75],"product_tag":[],"class_list":{"0":"post-1957","1":"product","2":"type-product","3":"status-publish","4":"has-post-thumbnail","6":"product_cat-accesorios","7":"product_cat-masvendidos","8":"product_cat-redes","9":"thunk-woo-product-list","10":"opn-qv-enable","11":"big-store-woo-hover-zoom","12":"open-single-product-tab-horizontal","13":"open-shadow-","14":"open-shadow-hover-","16":"first","17":"instock","18":"shipping-taxable","19":"purchasable","20":"product-type-simple"},"_links":{"self":[{"href":"https:\/\/gruposoluciones360.com\/tienda\/wp-json\/wp\/v2\/product\/1957","targetHints":{"allow":["GET"]}}],"collection":[{"href":"https:\/\/gruposoluciones360.com\/tienda\/wp-json\/wp\/v2\/product"}],"about":[{"href":"https:\/\/gruposoluciones360.com\/tienda\/wp-json\/wp\/v2\/types\/product"}],"wp:featuredmedia":[{"embeddable":true,"href":"https:\/\/gruposoluciones360.com\/tienda\/wp-json\/wp\/v2\/media\/1959"}],"wp:attachment":[{"href":"https:\/\/gruposoluciones360.com\/tienda\/wp-json\/wp\/v2\/media?parent=1957"}],"wp:term":[{"taxonomy":"product_brand","embeddable":true,"href":"https:\/\/gruposoluciones360.com\/tienda\/wp-json\/wp\/v2\/product_brand?post=1957"},{"taxonomy":"product_cat","embeddable":true,"href":"https:\/\/gruposoluciones360.com\/tienda\/wp-json\/wp\/v2\/product_cat?post=1957"},{"taxonomy":"product_tag","embeddable":true,"href":"https:\/\/gruposoluciones360.com\/tienda\/wp-json\/wp\/v2\/product_tag?post=1957"}],"curies":[{"name":"wp","href":"https:\/\/api.w.org\/{rel}","templated":true}]}}