{"id":1988,"date":"2025-06-11T09:13:00","date_gmt":"2025-06-11T13:13:00","guid":{"rendered":"https:\/\/gruposoluciones360.com\/tienda\/?post_type=product&#038;p=1988"},"modified":"2025-06-11T09:30:16","modified_gmt":"2025-06-11T13:30:16","slug":"windows-10-11-pro-retail","status":"publish","type":"product","link":"https:\/\/gruposoluciones360.com\/tienda\/producto\/windows-10-11-pro-retail\/","title":{"rendered":"Windows 10 \/11 PRO RETAIL"},"content":{"rendered":"","protected":false},"excerpt":{"rendered":"<p data-sourcepos=\"3:1-3:206\">Windows 11 Pro y Windows 10 Pro est\u00e1n dise\u00f1ados para usuarios empresariales y ofrecen funciones m\u00e1s avanzadas en comparaci\u00f3n con sus contrapartes Home. Aqu\u00ed tienes un resumen de las principales diferencias:<\/p>\n<p data-sourcepos=\"5:1-5:38\"><strong>Interfaz de Usuario y Experiencia:<\/strong><\/p>\n<ul data-sourcepos=\"7:1-9:0\">\n<li data-sourcepos=\"7:1-7:231\"><strong>Windows 11 Pro:<\/strong> Presenta una interfaz de usuario redise\u00f1ada y m\u00e1s moderna con esquinas redondeadas, una barra de tareas centrada y un nuevo men\u00fa Inicio. Tambi\u00e9n introduce Snap Layouts y Snap Groups para mejorar la multitarea.<\/li>\n<li data-sourcepos=\"8:1-9:0\"><strong>Windows 10 Pro:<\/strong> Tiene una interfaz m\u00e1s tradicional con la barra de tareas alineada a la izquierda y un men\u00fa Inicio basado en mosaicos (aunque esto se puede personalizar).<\/li>\n<\/ul>\n<p data-sourcepos=\"10:1-10:33\"><strong>Caracter\u00edsticas de Seguridad:<\/strong><\/p>\n<ul data-sourcepos=\"12:1-14:0\">\n<li data-sourcepos=\"12:1-12:156\"><strong>Ambos:<\/strong> Ofrecen caracter\u00edsticas de seguridad b\u00e1sicas como el cifrado de unidad BitLocker, el Antivirus de Windows Defender y la protecci\u00f3n de firewall.<\/li>\n<li data-sourcepos=\"13:1-14:0\"><strong>Windows 11 Pro:<\/strong> Mejora la seguridad con funciones como Windows Hello para Empresas (autenticaci\u00f3n sin contrase\u00f1a con biometr\u00eda o PIN), requisitos m\u00e1s estrictos de TPM (M\u00f3dulo de Plataforma Segura) 2.0 para la seguridad del hardware y Seguridad Basada en Virtualizaci\u00f3n (VBS) para aislar partes sensibles del sistema.<\/li>\n<\/ul>\n<p data-sourcepos=\"15:1-15:29\"><strong>Gesti\u00f3n e Implementaci\u00f3n:<\/strong><\/p>\n<ul data-sourcepos=\"17:1-19:0\">\n<li data-sourcepos=\"17:1-17:172\"><strong>Ambos:<\/strong> Admiten la uni\u00f3n a dominios, la directiva de grupo para la gesti\u00f3n de dispositivos dentro de una organizaci\u00f3n y funciones para la gesti\u00f3n de nivel empresarial.<\/li>\n<li data-sourcepos=\"18:1-19:0\"><strong>Windows 11 Pro:<\/strong> Ofrece capacidades de gesti\u00f3n m\u00e1s modernas a trav\u00e9s de Microsoft Intune y Azure Active Directory, lo que simplifica la inscripci\u00f3n de dispositivos y la gesti\u00f3n de pol\u00edticas. Tambi\u00e9n incluye Windows Update para Empresas, lo que brinda m\u00e1s control sobre la implementaci\u00f3n de actualizaciones.<\/li>\n<\/ul>\n<p data-sourcepos=\"20:1-20:18\"><strong>Productividad:<\/strong><\/p>\n<ul data-sourcepos=\"22:1-24:0\">\n<li data-sourcepos=\"22:1-22:189\"><strong>Windows 11 Pro:<\/strong> Incluye caracter\u00edsticas como DirectStorage para una carga de juegos m\u00e1s r\u00e1pida (tambi\u00e9n disponible en Windows 10) y mejor soporte para m\u00faltiples escritorios virtuales.<\/li>\n<li data-sourcepos=\"23:1-24:0\"><strong>Windows 10 Pro:<\/strong> Es un sistema operativo maduro y estable con un largo historial de compatibilidad con diversos hardware y software.<\/li>\n<\/ul>\n<p data-sourcepos=\"25:1-25:47\"><strong>Compatibilidad de Hardware y Ciclo de Vida:<\/strong><\/p>\n<ul data-sourcepos=\"27:1-29:0\">\n<li data-sourcepos=\"27:1-27:145\"><strong>Windows 11 Pro:<\/strong> Tiene requisitos de hardware m\u00e1s estrictos que Windows 10, en particular con respecto al procesador, TPM y Arranque Seguro.<\/li>\n<li data-sourcepos=\"28:1-29:0\"><strong>Windows 10 Pro:<\/strong> Seguir\u00e1 recibiendo actualizaciones de caracter\u00edsticas hasta finales de 2025, despu\u00e9s de lo cual solo recibir\u00e1 actualizaciones de seguridad hasta el 14 de octubre de 2025. Windows 11 es la versi\u00f3n en desarrollo activo con nuevas funciones que se introducen constantemente.<\/li>\n<\/ul>\n","protected":false},"featured_media":1993,"template":"","meta":[],"product_brand":[],"product_cat":[77],"product_tag":[],"class_list":{"0":"post-1988","1":"product","2":"type-product","3":"status-publish","4":"has-post-thumbnail","6":"product_cat-licencias-y-aplicaciones","7":"thunk-woo-product-list","8":"opn-qv-enable","9":"big-store-woo-hover-zoom","10":"open-single-product-tab-horizontal","11":"open-shadow-","12":"open-shadow-hover-","14":"first","15":"instock","16":"shipping-taxable","17":"purchasable","18":"product-type-variable"},"_links":{"self":[{"href":"https:\/\/gruposoluciones360.com\/tienda\/wp-json\/wp\/v2\/product\/1988","targetHints":{"allow":["GET"]}}],"collection":[{"href":"https:\/\/gruposoluciones360.com\/tienda\/wp-json\/wp\/v2\/product"}],"about":[{"href":"https:\/\/gruposoluciones360.com\/tienda\/wp-json\/wp\/v2\/types\/product"}],"wp:featuredmedia":[{"embeddable":true,"href":"https:\/\/gruposoluciones360.com\/tienda\/wp-json\/wp\/v2\/media\/1993"}],"wp:attachment":[{"href":"https:\/\/gruposoluciones360.com\/tienda\/wp-json\/wp\/v2\/media?parent=1988"}],"wp:term":[{"taxonomy":"product_brand","embeddable":true,"href":"https:\/\/gruposoluciones360.com\/tienda\/wp-json\/wp\/v2\/product_brand?post=1988"},{"taxonomy":"product_cat","embeddable":true,"href":"https:\/\/gruposoluciones360.com\/tienda\/wp-json\/wp\/v2\/product_cat?post=1988"},{"taxonomy":"product_tag","embeddable":true,"href":"https:\/\/gruposoluciones360.com\/tienda\/wp-json\/wp\/v2\/product_tag?post=1988"}],"curies":[{"name":"wp","href":"https:\/\/api.w.org\/{rel}","templated":true}]}}