{"id":2002,"date":"2025-06-11T09:30:30","date_gmt":"2025-06-11T13:30:30","guid":{"rendered":"https:\/\/gruposoluciones360.com\/tienda\/?post_type=product&#038;p=2002"},"modified":"2025-06-11T10:23:55","modified_gmt":"2025-06-11T14:23:55","slug":"windows-server-2025-2022-2026","status":"publish","type":"product","link":"https:\/\/gruposoluciones360.com\/tienda\/producto\/windows-server-2025-2022-2026\/","title":{"rendered":"Windows Server 2025 2022 2026"},"content":{"rendered":"","protected":false},"excerpt":{"rendered":"<h2 data-sourcepos=\"5:1-5:31\">Windows Server Standard 2016<\/h2>\n<ul data-sourcepos=\"7:1-14:0\">\n<li data-sourcepos=\"7:1-7:102\"><strong>Seguridad:<\/strong> Ofrece caracter\u00edsticas de seguridad b\u00e1sicas, incluyendo M\u00e1quinas Virtuales Blindadas.<\/li>\n<li data-sourcepos=\"8:1-8:66\"><strong>Nube H\u00edbrida:<\/strong> Tiene capacidades h\u00edbridas directas limitadas.<\/li>\n<li data-sourcepos=\"9:1-9:94\"><strong>Almacenamiento:<\/strong> Incluye Storage Replica (con 1 asociaci\u00f3n y 1 volumen) y Storage Spaces.<\/li>\n<li data-sourcepos=\"10:1-10:115\"><strong>Virtualizaci\u00f3n:<\/strong> Soporta Hyper-V, Nano Server (para aplicaciones basadas en la nube) y Virtualizaci\u00f3n Anidada.<\/li>\n<li data-sourcepos=\"11:1-11:53\"><strong>Gesti\u00f3n:<\/strong> Utiliza el tradicional Server Manager.<\/li>\n<li data-sourcepos=\"12:1-12:78\"><strong>Cargas de Trabajo Modernas:<\/strong> Ofrece un soporte inicial para contenedores.<\/li>\n<li data-sourcepos=\"13:1-14:0\"><strong>Fecha Fin de Soporte:<\/strong> El soporte principal finaliz\u00f3 el 11 de enero de 2022, y el soporte extendido finalizar\u00e1 el 12 de enero de 2027.<\/li>\n<\/ul>\n<hr data-sourcepos=\"15:1-15:3\" \/>\n<h2 data-sourcepos=\"17:1-17:31\">Windows Server Standard 2022<\/h2>\n<ul data-sourcepos=\"19:1-26:0\">\n<li data-sourcepos=\"19:1-19:200\"><strong>Seguridad:<\/strong> La seguridad est\u00e1 mejorada con el Servidor Secured-Core (protecci\u00f3n de hardware, firmware y sistema operativo), TLS 1.3 por defecto, DNS sobre HTTPS y mejoras en Windows Defender ATP.<\/li>\n<li data-sourcepos=\"20:1-20:116\"><strong>Nube H\u00edbrida:<\/strong> Tiene una integraci\u00f3n mejorada con Azure, soporte para Azure Arc y el Storage Migration Service.<\/li>\n<li data-sourcepos=\"21:1-21:148\"><strong>Almacenamiento:<\/strong> Presenta funciones de almacenamiento avanzadas, compresi\u00f3n SMB y el Storage Migration Service para una migraci\u00f3n m\u00e1s sencilla.<\/li>\n<li data-sourcepos=\"22:1-22:135\"><strong>Virtualizaci\u00f3n:<\/strong> Ofrece un Hyper-V mejorado, un rendimiento optimizado de contenedores y una mejor compatibilidad de aplicaciones.<\/li>\n<li data-sourcepos=\"23:1-23:88\"><strong>Gesti\u00f3n:<\/strong> Utiliza Windows Admin Center e incluye herramientas de gesti\u00f3n mejoradas.<\/li>\n<li data-sourcepos=\"24:1-24:117\"><strong>Cargas de Trabajo Modernas:<\/strong> Tiene un soporte mejorado para contenedores y una mejor experiencia con Kubernetes.<\/li>\n<li data-sourcepos=\"25:1-26:0\"><strong>Fecha Fin de Soporte:<\/strong> El soporte principal finalizar\u00e1 el 13 de octubre de 2026, y el soporte extendido el 13 de octubre de 2031.<\/li>\n<\/ul>\n<hr data-sourcepos=\"27:1-27:3\" \/>\n<h2 data-sourcepos=\"29:1-29:31\">Windows Server Standard 2025<\/h2>\n<ul data-sourcepos=\"31:1-38:0\">\n<li data-sourcepos=\"31:1-31:188\"><strong>Seguridad:<\/strong> Cuenta con un Secured-Core a\u00fan m\u00e1s mejorado, detecci\u00f3n de amenazas impulsada por IA, Credential Guard por defecto, SMB sobre QUIC y seguridad de Active Directory mejorada.<\/li>\n<li data-sourcepos=\"32:1-32:127\"><strong>Nube H\u00edbrida:<\/strong> Ofrece una integraci\u00f3n <strong>perfecta y m\u00e1s profunda<\/strong> con Azure, junto con capacidades h\u00edbridas m\u00e1s avanzadas.<\/li>\n<li data-sourcepos=\"33:1-33:161\"><strong>Almacenamiento:<\/strong> Presenta mejoras <strong>significativas<\/strong> en el rendimiento (por ejemplo, con almacenamiento NVMe) y una gesti\u00f3n de almacenamiento m\u00e1s eficiente.<\/li>\n<li data-sourcepos=\"34:1-34:133\"><strong>Virtualizaci\u00f3n:<\/strong> Incluye mayores mejoras en Hyper-V, particionamiento de GPU y una migraci\u00f3n en vivo de almacenamiento mejorada.<\/li>\n<li data-sourcepos=\"35:1-35:133\"><strong>Gesti\u00f3n:<\/strong> Dispone de un panel de control <strong>renovado<\/strong>, flujos de trabajo automatizados y un Administrador de Tareas modernizado.<\/li>\n<li data-sourcepos=\"36:1-36:154\"><strong>Cargas de Trabajo Modernas:<\/strong> Proporciona un soporte <strong>m\u00e1s fuerte<\/strong> para contenedores y Kubernetes, y est\u00e1 optimizado para cargas de trabajo de IA\/ML.<\/li>\n<li data-sourcepos=\"37:1-38:0\"><strong>Fecha Fin de Soporte:<\/strong> El soporte principal finalizar\u00e1 el 9 de octubre de 2029, y el soporte extendido el 10 de octubre de 2034.<\/li>\n<\/ul>\n","protected":false},"featured_media":2005,"template":"","meta":[],"product_brand":[],"product_cat":[77],"product_tag":[],"class_list":{"0":"post-2002","1":"product","2":"type-product","3":"status-publish","4":"has-post-thumbnail","6":"product_cat-licencias-y-aplicaciones","7":"thunk-woo-product-list","8":"opn-qv-enable","9":"big-store-woo-hover-zoom","10":"open-single-product-tab-horizontal","11":"open-shadow-","12":"open-shadow-hover-","14":"first","15":"instock","16":"shipping-taxable","17":"purchasable","18":"product-type-variable"},"_links":{"self":[{"href":"https:\/\/gruposoluciones360.com\/tienda\/wp-json\/wp\/v2\/product\/2002","targetHints":{"allow":["GET"]}}],"collection":[{"href":"https:\/\/gruposoluciones360.com\/tienda\/wp-json\/wp\/v2\/product"}],"about":[{"href":"https:\/\/gruposoluciones360.com\/tienda\/wp-json\/wp\/v2\/types\/product"}],"wp:featuredmedia":[{"embeddable":true,"href":"https:\/\/gruposoluciones360.com\/tienda\/wp-json\/wp\/v2\/media\/2005"}],"wp:attachment":[{"href":"https:\/\/gruposoluciones360.com\/tienda\/wp-json\/wp\/v2\/media?parent=2002"}],"wp:term":[{"taxonomy":"product_brand","embeddable":true,"href":"https:\/\/gruposoluciones360.com\/tienda\/wp-json\/wp\/v2\/product_brand?post=2002"},{"taxonomy":"product_cat","embeddable":true,"href":"https:\/\/gruposoluciones360.com\/tienda\/wp-json\/wp\/v2\/product_cat?post=2002"},{"taxonomy":"product_tag","embeddable":true,"href":"https:\/\/gruposoluciones360.com\/tienda\/wp-json\/wp\/v2\/product_tag?post=2002"}],"curies":[{"name":"wp","href":"https:\/\/api.w.org\/{rel}","templated":true}]}}