{"id":852,"date":"2022-06-27T15:24:23","date_gmt":"2022-06-27T19:24:23","guid":{"rendered":"https:\/\/srssoluciones360.com\/tienda\/?post_type=product&#038;p=852"},"modified":"2025-01-29T13:23:40","modified_gmt":"2025-01-29T17:23:40","slug":"access-point-eap115","status":"publish","type":"product","link":"https:\/\/gruposoluciones360.com\/tienda\/producto\/access-point-eap115\/","title":{"rendered":"Punto de Acceso TP-Link EAP225 (Exterior)"},"content":{"rendered":"","protected":false},"excerpt":{"rendered":"<p data-sourcepos=\"11:1-11:45\"><strong>Caracter\u00edsticas Principales:<\/strong><\/p>\n<p data-sourcepos=\"13:1-13:144\">El EAP225-Outdoor est\u00e1 dise\u00f1ado para proporcionar conectividad Wi-Fi confiable en entornos exteriores. Sus caracter\u00edsticas principales incluyen:<\/p>\n<ul data-sourcepos=\"15:1-21:0\">\n<li data-sourcepos=\"15:1-15:109\"><strong>Resistencia a la intemperie:<\/strong> Carcasa con certificaci\u00f3n IP65 que lo protege contra el polvo y el agua.<\/li>\n<li data-sourcepos=\"16:1-16:128\"><strong>Wi-Fi de Doble Banda AC1200:<\/strong> Ofrece velocidades combinadas de hasta 1200 Mbps (300 Mbps en 2.4 GHz y 867 Mbps en 5 GHz).<\/li>\n<li data-sourcepos=\"17:1-17:125\"><strong>Tecnolog\u00eda MU-MIMO:<\/strong> Permite la comunicaci\u00f3n simult\u00e1nea con m\u00faltiples dispositivos, mejorando la eficiencia de la red.<\/li>\n<li data-sourcepos=\"18:1-18:110\"><strong>Antenas Externas Desmontables:<\/strong> Proporcionan mayor flexibilidad en la configuraci\u00f3n y un mejor alcance.<\/li>\n<li data-sourcepos=\"19:1-19:120\"><strong>Alimentaci\u00f3n PoE:<\/strong> Soporta alimentaci\u00f3n a trav\u00e9s de Ethernet (Power over Ethernet) para una instalaci\u00f3n sencilla.<\/li>\n<li data-sourcepos=\"20:1-21:0\"><strong>Gesti\u00f3n Centralizada con Omada:<\/strong> Facilita la configuraci\u00f3n, gesti\u00f3n y monitoreo de la red.<\/li>\n<\/ul>\n<p data-sourcepos=\"22:1-22:44\"><strong>Especificaciones T\u00e9cnicas Detalladas:<\/strong><\/p>\n<ul data-sourcepos=\"24:1-43:0\">\n<li data-sourcepos=\"24:1-24:58\"><strong>Est\u00e1ndar Inal\u00e1mbrico:<\/strong> IEEE 802.11ac Wave 2\/a\/b\/g\/n<\/li>\n<li data-sourcepos=\"25:1-27:23\"><strong>Velocidad Inal\u00e1mbrica:<\/strong>\n<ul data-sourcepos=\"26:5-27:23\">\n<li data-sourcepos=\"26:5-26:25\">2.4 GHz: 300 Mbps<\/li>\n<li data-sourcepos=\"27:5-27:23\">5 GHz: 867 Mbps<\/li>\n<\/ul>\n<\/li>\n<li data-sourcepos=\"28:1-30:24\"><strong>Antenas:<\/strong> 2 antenas omnidireccionales externas desmontables de doble banda:\n<ul data-sourcepos=\"29:5-30:24\">\n<li data-sourcepos=\"29:5-29:26\">2.4 GHz: 2 x 3 dBi<\/li>\n<li data-sourcepos=\"30:5-30:24\">5 GHz: 2 x 5 dBi<\/li>\n<\/ul>\n<\/li>\n<li data-sourcepos=\"31:1-31:72\"><strong>Potencia de Transmisi\u00f3n:<\/strong> Var\u00eda seg\u00fan el pa\u00eds y la configuraci\u00f3n.<\/li>\n<li data-sourcepos=\"32:1-32:90\"><strong>Interfaz:<\/strong> 1 Puerto Gigabit Ethernet (RJ-45) (Soporte IEEE802.3af PoE y PoE Pasivo)<\/li>\n<li data-sourcepos=\"33:1-33:22\"><strong>Botones:<\/strong> Reset<\/li>\n<li data-sourcepos=\"34:1-36:67\"><strong>Fuente de Alimentaci\u00f3n:<\/strong>\n<ul data-sourcepos=\"35:5-36:67\">\n<li data-sourcepos=\"35:5-35:22\">802.3af\/at PoE<\/li>\n<li data-sourcepos=\"36:5-36:67\">PoE Pasivo 24V (+4,5pins; -7,8pins. Adaptador PoE Incluido)<\/li>\n<\/ul>\n<\/li>\n<li data-sourcepos=\"37:1-37:51\"><strong>Consumo de Energ\u00eda:<\/strong> 10.5W (EU) \/ 12.6W (US)<\/li>\n<li data-sourcepos=\"38:1-38:92\"><strong>Carcasa:<\/strong> Resistente a la intemperie IP65 (protecci\u00f3n contra polvo y chorros de agua)<\/li>\n<li data-sourcepos=\"39:1-39:56\"><strong>Montaje:<\/strong> Montaje en poste\/pared (kits incluidos)<\/li>\n<li data-sourcepos=\"40:1-40:73\"><strong>Dimensiones:<\/strong> 46 x 26.7 x 214.9 mm (sin antenas ni kit de montaje)<\/li>\n<li data-sourcepos=\"41:1-41:51\"><strong>Temperatura de Funcionamiento:<\/strong> -30\u00b0C a 70\u00b0C<\/li>\n<li data-sourcepos=\"42:1-43:0\"><strong>Humedad de Funcionamiento:<\/strong> 10% &#8211; 90% sin condensaci\u00f3n<\/li>\n<\/ul>\n<p data-sourcepos=\"44:1-44:28\"><strong>Software y Funciones:<\/strong><\/p>\n<ul data-sourcepos=\"46:1-72:0\">\n<li data-sourcepos=\"46:1-46:43\"><strong>Modos de Operaci\u00f3n:<\/strong> Punto de Acceso<\/li>\n<li data-sourcepos=\"47:1-47:57\"><strong>M\u00faltiples SSID:<\/strong> Hasta 16 SSID (8 para cada banda)<\/li>\n<li data-sourcepos=\"48:1-63:74\"><strong>Funciones Inal\u00e1mbricas:<\/strong>\n<ul data-sourcepos=\"49:5-63:74\">\n<li data-sourcepos=\"49:5-49:44\">Activar\/desactivar radio inal\u00e1mbrica<\/li>\n<li data-sourcepos=\"50:5-50:40\">Asignaci\u00f3n autom\u00e1tica de canales<\/li>\n<li data-sourcepos=\"51:5-51:85\">Control de potencia de transmisi\u00f3n (ajusta la potencia de transmisi\u00f3n en dBm)<\/li>\n<li data-sourcepos=\"52:5-52:17\">QoS (WMM)<\/li>\n<li data-sourcepos=\"53:5-53:34\">Roaming sin interrupciones<\/li>\n<li data-sourcepos=\"54:5-54:53\">Omada Mesh (en algunas versiones de firmware)<\/li>\n<li data-sourcepos=\"55:5-55:38\"><span class=\"citation-0 citation-1\">Direcci\u00f3n de banda<\/span><\/li>\n<li data-sourcepos=\"56:5-56:27\"><span class=\"citation-0 citation-1\">Equilibrio de carga<\/span><\/li>\n<li data-sourcepos=\"57:5-57:15\"><span class=\"citation-0 citation-1\">MU-MIMO<\/span><\/li>\n<li data-sourcepos=\"58:5-58:30\"><span class=\"citation-0 citation-1\">Equidad de tiempo aire<\/span><\/li>\n<li data-sourcepos=\"59:5-59:24\"><span class=\"citation-0 citation-1\">Formaci\u00f3n de haz<\/span><\/li>\n<li data-sourcepos=\"60:5-60:24\"><span class=\"citation-0 citation-1\">L\u00edmite de tarifa<\/span><\/li>\n<li data-sourcepos=\"61:5-61:28\"><span class=\"citation-0 citation-1\">Programa de reinicio<\/span><\/li>\n<li data-sourcepos=\"62:5-62:27\"><span class=\"citation-0 citation-1\">Horario inal\u00e1mbrico<\/span><\/li>\n<li data-sourcepos=\"63:5-63:74\"><span class=\"citation-0 citation-1 citation-end-1\">Estad\u00edsticas<\/span><span class=\"citation-0 citation-end-0\"> inal\u00e1mbricas basadas en SSID\/AP\/Cliente<\/span><span class=\"button-container hide-from-message-actions ng-star-inserted\"> \u00a0 <button class=\"mat-mdc-tooltip-trigger button image-fade-on hide-from-message-actions\" aria-controls=\"sources\" aria-expanded=\"false\" aria-describedby=\"cdk-describedby-message-ng-1-91\"><\/button><\/span>\n<div class=\"container ng-tns-c3260216212-219 hide\">\n<div class=\"carousel-container ng-tns-c3260216212-219\"><\/div>\n<\/div>\n<\/li>\n<\/ul>\n<\/li>\n<li data-sourcepos=\"64:1-72:0\"><strong><span class=\"citation-2\">Seguridad Inal\u00e1mbrica:<\/span><\/strong>\n<ul data-sourcepos=\"65:5-72:0\">\n<li data-sourcepos=\"65:5-65:37\"><span class=\"citation-2\">Autenticaci\u00f3n: Portal Cautivo<\/span><\/li>\n<li data-sourcepos=\"66:5-66:25\"><span class=\"citation-2\">Control de acceso<\/span><\/li>\n<li data-sourcepos=\"67:5-67:48\"><span class=\"citation-2\">Filtrado de direcciones MAC inal\u00e1mbricas<\/span><\/li>\n<li data-sourcepos=\"68:5-68:53\"><span class=\"citation-2 citation-end-2\">Aislamiento inal\u00e1mbrico entre clientes<\/span><span class=\"button-container hide-from-message-actions ng-star-inserted\"> \u00a0 <button class=\"mat-mdc-tooltip-trigger button image-fade-on hide-from-message-actions\" aria-controls=\"sources\" aria-expanded=\"false\" aria-describedby=\"cdk-describedby-message-ng-1-91\"><\/button><\/span>\n<div class=\"container ng-tns-c3260216212-220 hide\">\n<div class=\"carousel-container ng-tns-c3260216212-220\">\n<div class=\"carousel-content ng-tns-c3260216212-220\">\n<div class=\"sources-carousel-source ng-tns-c3260216212-220 hide ng-star-inserted\" data-test-id=\"sources-carousel-source\"><\/div>\n<\/div>\n<\/div>\n<\/div>\n<\/li>\n<li data-sourcepos=\"69:5-69:27\">SSID a VLAN Mapping<\/li>\n<li data-sourcepos=\"70:5-70:38\">Detecci\u00f3n de AP no autorizados<\/li>\n<li data-sourcepos=\"71:5-72:0\">Soporte para WPA\/WPA2-Enterprise, WPA-PSK\/WPA2-PSK<\/li>\n<\/ul>\n<\/li>\n<\/ul>\n<p data-sourcepos=\"73:1-73:15\"><strong>Gesti\u00f3n:<\/strong><\/p>\n<ul data-sourcepos=\"75:1-83:0\">\n<li data-sourcepos=\"75:1-75:130\"><strong>Omada Controller:<\/strong> Permite la gesti\u00f3n centralizada a trav\u00e9s de software o hardware Omada Controller, o a trav\u00e9s de la nube.<\/li>\n<li data-sourcepos=\"76:1-83:0\"><strong>Caracter\u00edsticas de Gesti\u00f3n:<\/strong>\n<ul data-sourcepos=\"77:5-83:0\">\n<li data-sourcepos=\"77:5-77:42\">Aprovisionamiento Zero-Touch (ZTP)<\/li>\n<li data-sourcepos=\"78:5-78:46\">Administraci\u00f3n centralizada en la nube<\/li>\n<li data-sourcepos=\"79:5-79:29\">Monitoreo inteligente<\/li>\n<li data-sourcepos=\"80:5-80:37\">Correo electr\u00f3nico de alertas<\/li>\n<li data-sourcepos=\"81:5-81:43\">Control de acceso de administraci\u00f3n<\/li>\n<li data-sourcepos=\"82:5-83:0\">SNMP<\/li>\n<\/ul>\n<\/li>\n<\/ul>\n<p>&nbsp;<\/p>\n<h3><\/h3>\n<h3><strong>12 Meses de Garant\u00eda\u00a0<\/strong><\/h3>\n<h3>\ud83d\udcb5(Valido en Divisas)\ud83d\udcb5<\/h3>\n","protected":false},"featured_media":1512,"template":"","meta":[],"product_brand":[],"product_cat":[75],"product_tag":[],"class_list":{"0":"post-852","1":"product","2":"type-product","3":"status-publish","4":"has-post-thumbnail","6":"product_cat-redes","7":"thunk-woo-product-list","8":"opn-qv-enable","9":"big-store-woo-hover-zoom","10":"open-single-product-tab-horizontal","11":"open-shadow-","12":"open-shadow-hover-","14":"first","15":"instock","16":"shipping-taxable","17":"purchasable","18":"product-type-simple"},"_links":{"self":[{"href":"https:\/\/gruposoluciones360.com\/tienda\/wp-json\/wp\/v2\/product\/852","targetHints":{"allow":["GET"]}}],"collection":[{"href":"https:\/\/gruposoluciones360.com\/tienda\/wp-json\/wp\/v2\/product"}],"about":[{"href":"https:\/\/gruposoluciones360.com\/tienda\/wp-json\/wp\/v2\/types\/product"}],"wp:featuredmedia":[{"embeddable":true,"href":"https:\/\/gruposoluciones360.com\/tienda\/wp-json\/wp\/v2\/media\/1512"}],"wp:attachment":[{"href":"https:\/\/gruposoluciones360.com\/tienda\/wp-json\/wp\/v2\/media?parent=852"}],"wp:term":[{"taxonomy":"product_brand","embeddable":true,"href":"https:\/\/gruposoluciones360.com\/tienda\/wp-json\/wp\/v2\/product_brand?post=852"},{"taxonomy":"product_cat","embeddable":true,"href":"https:\/\/gruposoluciones360.com\/tienda\/wp-json\/wp\/v2\/product_cat?post=852"},{"taxonomy":"product_tag","embeddable":true,"href":"https:\/\/gruposoluciones360.com\/tienda\/wp-json\/wp\/v2\/product_tag?post=852"}],"curies":[{"name":"wp","href":"https:\/\/api.w.org\/{rel}","templated":true}]}}